{"id":24,"date":"2013-10-07T21:29:13","date_gmt":"2013-10-07T19:29:13","guid":{"rendered":"http:\/\/vcmarksuhl02.de\/?page_id=24"},"modified":"2024-05-01T00:44:33","modified_gmt":"2024-04-30T22:44:33","slug":"vorstand","status":"publish","type":"page","link":"https:\/\/vcmarksuhl02.de\/?page_id=24","title":{"rendered":"Vorstand"},"content":{"rendered":"<p><strong>Unser Vereinsvorstand stellt sich vor:<\/strong><\/p>\n<p>Vorsitzende: Ahlke Senf, Hirtgasse 2, 99834 Gerstungen OT\u00a0 Marksuhl<\/p>\n<p>Stellvertreter: Helge Fibich, Salzunger Str. 38, 36460 Merkers<\/p>\n<p>Kassenwart: Julia Voss<\/p>\n<p>Schriftf\u00fchrerin: Marie Thr\u00e4n<\/p>\n<p>Jugendwartin: Jasmin Wolf<\/p>\n<p>Kindersport: Maike Michelle M\u00e4urer<\/p>\n","protected":false},"excerpt":{"rendered":"<p>Unser Vereinsvorstand stellt sich vor: Vorsitzende: Ahlke Senf, Hirtgasse 2, 99834 Gerstungen OT\u00a0 Marksuhl Stellvertreter: Helge Fibich, Salzunger Str. 38, 36460 Merkers Kassenwart: Julia Voss Schriftf\u00fchrerin: Marie Thr\u00e4n Jugendwartin: Jasmin Wolf Kindersport: Maike Michelle M\u00e4urer<\/p>\n","protected":false},"author":1,"featured_media":0,"parent":0,"menu_order":0,"comment_status":"open","ping_status":"open","template":"","meta":{"footnotes":""},"class_list":["post-24","page","type-page","status-publish","hentry"],"_links":{"self":[{"href":"https:\/\/vcmarksuhl02.de\/index.php?rest_route=\/wp\/v2\/pages\/24","targetHints":{"allow":["GET"]}}],"collection":[{"href":"https:\/\/vcmarksuhl02.de\/index.php?rest_route=\/wp\/v2\/pages"}],"about":[{"href":"https:\/\/vcmarksuhl02.de\/index.php?rest_route=\/wp\/v2\/types\/page"}],"author":[{"embeddable":true,"href":"https:\/\/vcmarksuhl02.de\/index.php?rest_route=\/wp\/v2\/users\/1"}],"replies":[{"embeddable":true,"href":"https:\/\/vcmarksuhl02.de\/index.php?rest_route=%2Fwp%2Fv2%2Fcomments&post=24"}],"version-history":[{"count":13,"href":"https:\/\/vcmarksuhl02.de\/index.php?rest_route=\/wp\/v2\/pages\/24\/revisions"}],"predecessor-version":[{"id":2795,"href":"https:\/\/vcmarksuhl02.de\/index.php?rest_route=\/wp\/v2\/pages\/24\/revisions\/2795"}],"wp:attachment":[{"href":"https:\/\/vcmarksuhl02.de\/index.php?rest_route=%2Fwp%2Fv2%2Fmedia&parent=24"}],"curies":[{"name":"wp","href":"https:\/\/api.w.org\/{rel}","templated":true}]}}